{"id":4127,"date":"2026-01-07T10:59:56","date_gmt":"2026-01-07T10:59:56","guid":{"rendered":"https:\/\/km0andanifruits.com\/?page_id=4127"},"modified":"2026-01-07T12:52:59","modified_gmt":"2026-01-07T12:52:59","slug":"inicin","status":"publish","type":"page","link":"https:\/\/km0andanifruits.com\/ca\/","title":{"rendered":"Inici"},"content":{"rendered":"\t\t<div data-elementor-type=\"wp-page\" data-elementor-id=\"4127\" class=\"elementor elementor-4127 elementor-3647\" data-elementor-post-type=\"page\">\n\t\t\t\t<div class=\"elementor-element elementor-element-11d3300b e-con-full e-flex elementor-invisible e-con e-parent\" data-id=\"11d3300b\" data-element_type=\"container\" data-e-type=\"container\" data-settings=\"{&quot;background_background&quot;:&quot;classic&quot;,&quot;animation&quot;:&quot;fadeInDown&quot;,&quot;shape_divider_bottom&quot;:&quot;wave-brush&quot;}\">\n\t\t\t\t<div class=\"elementor-shape elementor-shape-bottom\" aria-hidden=\"true\" data-negative=\"false\">\n\t\t\t<svg xmlns=\"http:\/\/www.w3.org\/2000\/svg\" viewBox=\"0 0 283.5 27.8\" preserveAspectRatio=\"none\">\n\t<path class=\"elementor-shape-fill\" d=\"M283.5,9.7c0,0-7.3,4.3-14,4.6c-6.8,0.3-12.6,0-20.9-1.5c-11.3-2-33.1-10.1-44.7-5.7\ts-12.1,4.6-18,7.4c-6.6,3.2-20,9.6-36.6,9.3C131.6,23.5,99.5,7.2,86.3,8c-1.4,0.1-6.6,0.8-10.5,2c-3.8,1.2-9.4,3.8-17,4.7\tc-3.2,0.4-8.3,1.1-14.2,0.9c-1.5-0.1-6.3-0.4-12-1.6c-5.7-1.2-11-3.1-15.8-3.7C6.5,9.2,0,10.8,0,10.8V0h283.5V9.7z M260.8,11.3\tc-0.7-1-2-0.4-4.3-0.4c-2.3,0-6.1-1.2-5.8-1.1c0.3,0.1,3.1,1.5,6,1.9C259.7,12.2,261.4,12.3,260.8,11.3z M242.4,8.6\tc0,0-2.4-0.2-5.6-0.9c-3.2-0.8-10.3-2.8-15.1-3.5c-8.2-1.1-15.8,0-15.1,0.1c0.8,0.1,9.6-0.6,17.6,1.1c3.3,0.7,9.3,2.2,12.4,2.7\tC239.9,8.7,242.4,8.6,242.4,8.6z M185.2,8.5c1.7-0.7-13.3,4.7-18.5,6.1c-2.1,0.6-6.2,1.6-10,2c-3.9,0.4-8.9,0.4-8.8,0.5\tc0,0.2,5.8,0.8,11.2,0c5.4-0.8,5.2-1.1,7.6-1.6C170.5,14.7,183.5,9.2,185.2,8.5z M199.1,6.9c0.2,0-0.8-0.4-4.8,1.1\tc-4,1.5-6.7,3.5-6.9,3.7c-0.2,0.1,3.5-1.8,6.6-3C197,7.5,199,6.9,199.1,6.9z M283,6c-0.1,0.1-1.9,1.1-4.8,2.5s-6.9,2.8-6.7,2.7\tc0.2,0,3.5-0.6,7.4-2.5C282.8,6.8,283.1,5.9,283,6z M31.3,11.6c0.1-0.2-1.9-0.2-4.5-1.2s-5.4-1.6-7.8-2C15,7.6,7.3,8.5,7.7,8.6\tC8,8.7,15.9,8.3,20.2,9.3c2.2,0.5,2.4,0.5,5.7,1.6S31.2,11.9,31.3,11.6z M73,9.2c0.4-0.1,3.5-1.6,8.4-2.6c4.9-1.1,8.9-0.5,8.9-0.8\tc0-0.3-1-0.9-6.2-0.3S72.6,9.3,73,9.2z M71.6,6.7C71.8,6.8,75,5.4,77.3,5c2.3-0.3,1.9-0.5,1.9-0.6c0-0.1-1.1-0.2-2.7,0.2\tC74.8,5.1,71.4,6.6,71.6,6.7z M93.6,4.4c0.1,0.2,3.5,0.8,5.6,1.8c2.1,1,1.8,0.6,1.9,0.5c0.1-0.1-0.8-0.8-2.4-1.3\tC97.1,4.8,93.5,4.2,93.6,4.4z M65.4,11.1c-0.1,0.3,0.3,0.5,1.9-0.2s2.6-1.3,2.2-1.2s-0.9,0.4-2.5,0.8C65.3,10.9,65.5,10.8,65.4,11.1\tz M34.5,12.4c-0.2,0,2.1,0.8,3.3,0.9c1.2,0.1,2,0.1,2-0.2c0-0.3-0.1-0.5-1.6-0.4C36.6,12.8,34.7,12.4,34.5,12.4z M152.2,21.1\tc-0.1,0.1-2.4-0.3-7.5-0.3c-5,0-13.6-2.4-17.2-3.5c-3.6-1.1,10,3.9,16.5,4.1C150.5,21.6,152.3,21,152.2,21.1z\"\/>\n\t<path class=\"elementor-shape-fill\" d=\"M269.6,18c-0.1-0.1-4.6,0.3-7.2,0c-7.3-0.7-17-3.2-16.6-2.9c0.4,0.3,13.7,3.1,17,3.3\tC267.7,18.8,269.7,18,269.6,18z\"\/>\n\t<path class=\"elementor-shape-fill\" d=\"M227.4,9.8c-0.2-0.1-4.5-1-9.5-1.2c-5-0.2-12.7,0.6-12.3,0.5c0.3-0.1,5.9-1.8,13.3-1.2\tS227.6,9.9,227.4,9.8z\"\/>\n\t<path class=\"elementor-shape-fill\" d=\"M204.5,13.4c-0.1-0.1,2-1,3.2-1.1c1.2-0.1,2,0,2,0.3c0,0.3-0.1,0.5-1.6,0.4\tC206.4,12.9,204.6,13.5,204.5,13.4z\"\/>\n\t<path class=\"elementor-shape-fill\" d=\"M201,10.6c0-0.1-4.4,1.2-6.3,2.2c-1.9,0.9-6.2,3.1-6.1,3.1c0.1,0.1,4.2-1.6,6.3-2.6\tS201,10.7,201,10.6z\"\/>\n\t<path class=\"elementor-shape-fill\" d=\"M154.5,26.7c-0.1-0.1-4.6,0.3-7.2,0c-7.3-0.7-17-3.2-16.6-2.9c0.4,0.3,13.7,3.1,17,3.3\tC152.6,27.5,154.6,26.8,154.5,26.7z\"\/>\n\t<path class=\"elementor-shape-fill\" d=\"M41.9,19.3c0,0,1.2-0.3,2.9-0.1c1.7,0.2,5.8,0.9,8.2,0.7c4.2-0.4,7.4-2.7,7-2.6\tc-0.4,0-4.3,2.2-8.6,1.9c-1.8-0.1-5.1-0.5-6.7-0.4S41.9,19.3,41.9,19.3z\"\/>\n\t<path class=\"elementor-shape-fill\" d=\"M75.5,12.6c0.2,0.1,2-0.8,4.3-1.1c2.3-0.2,2.1-0.3,2.1-0.5c0-0.1-1.8-0.4-3.4,0\tC76.9,11.5,75.3,12.5,75.5,12.6z\"\/>\n\t<path class=\"elementor-shape-fill\" d=\"M15.6,13.2c0-0.1,4.3,0,6.7,0.5c2.4,0.5,5,1.9,5,2c0,0.1-2.7-0.8-5.1-1.4\tC19.9,13.7,15.7,13.3,15.6,13.2z\"\/>\n<\/svg>\t\t<\/div>\n\t\t\t\t<div class=\"elementor-element elementor-element-6a17953 elementor-hidden-mobile elementor-hidden-tablet elementor-invisible elementor-widget elementor-widget-image\" data-id=\"6a17953\" data-element_type=\"widget\" data-e-type=\"widget\" data-settings=\"{&quot;_animation&quot;:&quot;fadeInLeft&quot;}\" data-widget_type=\"image.default\">\n\t\t\t\t<div class=\"elementor-widget-container\">\n\t\t\t\t\t\t\t\t\t\t\t\t\t\t\t<img fetchpriority=\"high\" decoding=\"async\" width=\"500\" height=\"500\" src=\"https:\/\/km0andanifruits.com\/wp-content\/uploads\/2025\/04\/logo-km0-white.png\" class=\"attachment-full size-full wp-image-868\" alt=\"\" srcset=\"https:\/\/km0andanifruits.com\/wp-content\/uploads\/2025\/04\/logo-km0-white.png 500w, https:\/\/km0andanifruits.com\/wp-content\/uploads\/2025\/04\/logo-km0-white-300x300.png 300w, https:\/\/km0andanifruits.com\/wp-content\/uploads\/2025\/04\/logo-km0-white-150x150.png 150w, https:\/\/km0andanifruits.com\/wp-content\/uploads\/2025\/04\/logo-km0-white-100x100.png 100w\" sizes=\"(max-width: 500px) 100vw, 500px\" \/>\t\t\t\t\t\t\t\t\t\t\t\t\t\t\t<\/div>\n\t\t\t\t<\/div>\n\t\t\t\t<div class=\"elementor-element elementor-element-79ed7acf elementor-hidden-mobile elementor-hidden-tablet elementor-widget elementor-widget-spacer\" data-id=\"79ed7acf\" data-element_type=\"widget\" data-e-type=\"widget\" data-widget_type=\"spacer.default\">\n\t\t\t\t<div class=\"elementor-widget-container\">\n\t\t\t\t\t\t\t<div class=\"elementor-spacer\">\n\t\t\t<div class=\"elementor-spacer-inner\"><\/div>\n\t\t<\/div>\n\t\t\t\t\t\t<\/div>\n\t\t\t\t<\/div>\n\t\t\t\t<\/div>\n\t\t<div class=\"elementor-element elementor-element-17856138 e-grid e-con-full e-con e-parent\" data-id=\"17856138\" data-element_type=\"container\" data-e-type=\"container\">\n\t\t<div class=\"elementor-element elementor-element-7e19ec41 e-con-full e-flex e-con e-child\" data-id=\"7e19ec41\" data-element_type=\"container\" data-e-type=\"container\">\n\t\t\t\t<div class=\"elementor-element elementor-element-2def34b3 elementor-widget elementor-widget-image\" data-id=\"2def34b3\" data-element_type=\"widget\" data-e-type=\"widget\" data-widget_type=\"image.default\">\n\t\t\t\t<div class=\"elementor-widget-container\">\n\t\t\t\t\t\t\t\t\t\t\t\t\t\t\t<img decoding=\"async\" width=\"800\" height=\"795\" src=\"https:\/\/km0andanifruits.com\/wp-content\/uploads\/2026\/01\/inicio-circulo-izquierdo_n.png\" class=\"attachment-large size-large wp-image-4028\" alt=\"\" srcset=\"https:\/\/km0andanifruits.com\/wp-content\/uploads\/2026\/01\/inicio-circulo-izquierdo_n.png 848w, https:\/\/km0andanifruits.com\/wp-content\/uploads\/2026\/01\/inicio-circulo-izquierdo_n-300x298.png 300w, https:\/\/km0andanifruits.com\/wp-content\/uploads\/2026\/01\/inicio-circulo-izquierdo_n-150x150.png 150w, https:\/\/km0andanifruits.com\/wp-content\/uploads\/2026\/01\/inicio-circulo-izquierdo_n-768x763.png 768w, https:\/\/km0andanifruits.com\/wp-content\/uploads\/2026\/01\/inicio-circulo-izquierdo_n-600x596.png 600w, https:\/\/km0andanifruits.com\/wp-content\/uploads\/2026\/01\/inicio-circulo-izquierdo_n-100x100.png 100w\" sizes=\"(max-width: 800px) 100vw, 800px\" \/>\t\t\t\t\t\t\t\t\t\t\t\t\t\t\t<\/div>\n\t\t\t\t<\/div>\n\t\t\t\t<\/div>\n\t\t<div class=\"elementor-element elementor-element-3dba32c6 e-con-full e-flex e-con e-child\" data-id=\"3dba32c6\" data-element_type=\"container\" data-e-type=\"container\">\n\t\t\t\t<div class=\"elementor-element elementor-element-5531de8b elementor-invisible elementor-widget elementor-widget-heading\" data-id=\"5531de8b\" data-element_type=\"widget\" data-e-type=\"widget\" data-settings=\"{&quot;_animation&quot;:&quot;fadeInRight&quot;}\" data-widget_type=\"heading.default\">\n\t\t\t\t<div class=\"elementor-widget-container\">\n\t\t\t\t\t<h1 class=\"elementor-heading-title elementor-size-default\">Botiga amb hort propi i productes de proximitat<\/h1>\t\t\t\t<\/div>\n\t\t\t\t<\/div>\n\t\t\t\t<div class=\"elementor-element elementor-element-79c2a41a elementor-widget elementor-widget-text-editor\" data-id=\"79c2a41a\" data-element_type=\"widget\" data-e-type=\"widget\" data-widget_type=\"text-editor.default\">\n\t\t\t\t<div class=\"elementor-widget-container\">\n\t\t\t\t\t\t\t\t\t<p>A <strong>Km 0 Andan\u00ed<\/strong>, celebrem l\u2019aut\u00e8ntic, el sostenible i el proper. Som <strong>en Miquel i en Pau<\/strong>, i des del nostre rac\u00f3 al m\u00f3n rural, ens dediquem a cuidar la terra, elaborar productes artesanals i compartir-los amb tu.<\/p>\t\t\t\t\t\t\t\t<\/div>\n\t\t\t\t<\/div>\n\t\t\t\t<div class=\"elementor-element elementor-element-3e642f21 elementor-widget elementor-widget-text-editor\" data-id=\"3e642f21\" data-element_type=\"widget\" data-e-type=\"widget\" data-widget_type=\"text-editor.default\">\n\t\t\t\t<div class=\"elementor-widget-container\">\n\t\t\t\t\t\t\t\t\t<p><strong>Tot comen\u00e7a al nostre hort<\/strong>, on cultivem fruites i verdures de temporada amb t\u00e8cniques d\u2019agricultura regenerativa, respectant els cicles naturals i retornant a la terra m\u00e9s del que ens d\u00f3na.<\/p>\t\t\t\t\t\t\t\t<\/div>\n\t\t\t\t<\/div>\n\t\t\t\t<div class=\"elementor-element elementor-element-2c2735ee elementor-widget elementor-widget-text-editor\" data-id=\"2c2735ee\" data-element_type=\"widget\" data-e-type=\"widget\" data-widget_type=\"text-editor.default\">\n\t\t\t\t<div class=\"elementor-widget-container\">\n\t\t\t\t\t\t\t\t\t<p>El que collim, juntament amb els productes d\u2019agricultors locals, arriba a la <strong>nostra botiga<\/strong>, un espai acollidor on <strong>trobar\u00e0s el millor de l\u2019hort i del camp<\/strong>.<\/p>\t\t\t\t\t\t\t\t<\/div>\n\t\t\t\t<\/div>\n\t\t\t\t<div class=\"elementor-element elementor-element-3ad49276 elementor-widget elementor-widget-text-editor\" data-id=\"3ad49276\" data-element_type=\"widget\" data-e-type=\"widget\" data-widget_type=\"text-editor.default\">\n\t\t\t\t<div class=\"elementor-widget-container\">\n\t\t\t\t\t\t\t\t\t<p>Per\u00f2 no ens quedem aqu\u00ed. Al nostre obrador, transformem aquests ingredients en conserves artesanals, fermentats i altres del\u00edcies. Des de <strong>melmelades<\/strong> i pr\u00e9ssecs en alm\u00edvar fins a <strong>xucrut, kimchi i kombucha<\/strong>, cada producte est\u00e0 fet amb paci\u00e8ncia, afecte i un profund respecte per les tradicions.<\/p>\t\t\t\t\t\t\t\t<\/div>\n\t\t\t\t<\/div>\n\t\t\t\t<\/div>\n\t\t\t\t<\/div>\n\t\t<div class=\"elementor-element elementor-element-388d20e5 e-grid e-con-full e-con e-parent\" data-id=\"388d20e5\" data-element_type=\"container\" data-e-type=\"container\">\n\t\t<div class=\"elementor-element elementor-element-362416c4 e-con-full textos e-flex e-con e-child\" data-id=\"362416c4\" data-element_type=\"container\" data-e-type=\"container\">\n\t\t\t\t<div class=\"elementor-element elementor-element-5b39209a elementor-widget elementor-widget-text-editor\" data-id=\"5b39209a\" data-element_type=\"widget\" data-e-type=\"widget\" data-widget_type=\"text-editor.default\">\n\t\t\t\t<div class=\"elementor-widget-container\">\n\t\t\t\t\t\t\t\t\t<p><strong>A la nostra web, pots explorar m\u00e9s sobre nosaltres:<\/strong><\/p><ul><li><strong><a href=\"https:\/\/km0andanifruits.com\/ca\/sobre-nosaltres\/\">Sobre nosaltres<\/a>:<\/strong> Coneix la nostra hist\u00f2ria i la nostra filosofia.<\/li><li><strong><a href=\"https:\/\/km0andanifruits.com\/ca\/lhort\/\">El nostre hort<\/a>:<\/strong> Descobreix com cultivem amb t\u00e8cniques d\u2019agricultura regenerativa.<\/li><li><strong><a href=\"https:\/\/km0andanifruits.com\/ca\/la-fresca\/\">Les nostres conserves<\/a>:<\/strong> Explora les nostres elaboracions artesanals.<\/li><li><strong><a href=\"https:\/\/km0andanifruits.com\/ca\/la-nostra-botiga\/\">La nostra botiga<\/a>:<\/strong> Visita\u2019ns i viu l\u2019experi\u00e8ncia Km 0 Andan\u00ed.<\/li><\/ul>\t\t\t\t\t\t\t\t<\/div>\n\t\t\t\t<\/div>\n\t\t\t\t<div class=\"elementor-element elementor-element-da6f9df elementor-widget elementor-widget-text-editor\" data-id=\"da6f9df\" data-element_type=\"widget\" data-e-type=\"widget\" data-widget_type=\"text-editor.default\">\n\t\t\t\t<div class=\"elementor-widget-container\">\n\t\t\t\t\t\t\t\t\t<p>I si no pots venir, no et preocupis! A la nostra <a href=\"https:\/\/km0andanifruits.com\/ca\/botiga\/\"><strong>botiga en l\u00ednia<\/strong><\/a>\u00a0trobar\u00e0s una selecci\u00f3 dels nostres productes perqu\u00e8 gaudeixis del millor de la terra, siguis on siguis.<\/p>\t\t\t\t\t\t\t\t<\/div>\n\t\t\t\t<\/div>\n\t\t\t\t<div class=\"elementor-element elementor-element-1569934c elementor-widget elementor-widget-text-editor\" data-id=\"1569934c\" data-element_type=\"widget\" data-e-type=\"widget\" data-widget_type=\"text-editor.default\">\n\t\t\t\t<div class=\"elementor-widget-container\">\n\t\t\t\t\t\t\t\t\t<p>Gr\u00e0cies per donar suport als petits productors i per triar un consum conscient. T\u2019esperem!<\/p>\t\t\t\t\t\t\t\t<\/div>\n\t\t\t\t<\/div>\n\t\t\t\t<\/div>\n\t\t<div class=\"elementor-element elementor-element-254b1cbb e-con-full imagen e-flex e-con e-child\" data-id=\"254b1cbb\" data-element_type=\"container\" data-e-type=\"container\">\n\t\t\t\t<div class=\"elementor-element elementor-element-28067bcf elementor-widget elementor-widget-image\" data-id=\"28067bcf\" data-element_type=\"widget\" data-e-type=\"widget\" data-widget_type=\"image.default\">\n\t\t\t\t<div class=\"elementor-widget-container\">\n\t\t\t\t\t\t\t\t\t\t\t\t\t\t\t<img decoding=\"async\" width=\"800\" height=\"793\" src=\"https:\/\/km0andanifruits.com\/wp-content\/uploads\/2026\/01\/inicio-circulo-derecho_n.png\" class=\"attachment-large size-large wp-image-4026\" alt=\"\" srcset=\"https:\/\/km0andanifruits.com\/wp-content\/uploads\/2026\/01\/inicio-circulo-derecho_n.png 850w, https:\/\/km0andanifruits.com\/wp-content\/uploads\/2026\/01\/inicio-circulo-derecho_n-300x298.png 300w, https:\/\/km0andanifruits.com\/wp-content\/uploads\/2026\/01\/inicio-circulo-derecho_n-150x150.png 150w, https:\/\/km0andanifruits.com\/wp-content\/uploads\/2026\/01\/inicio-circulo-derecho_n-768x762.png 768w, https:\/\/km0andanifruits.com\/wp-content\/uploads\/2026\/01\/inicio-circulo-derecho_n-600x595.png 600w, https:\/\/km0andanifruits.com\/wp-content\/uploads\/2026\/01\/inicio-circulo-derecho_n-100x100.png 100w\" sizes=\"(max-width: 800px) 100vw, 800px\" \/>\t\t\t\t\t\t\t\t\t\t\t\t\t\t\t<\/div>\n\t\t\t\t<\/div>\n\t\t\t\t<\/div>\n\t\t\t\t<\/div>\n\t\t\t\t<\/div>\n\t\t","protected":false},"excerpt":{"rendered":"<p>Botiga amb hort propi i productes de proximitat A Km 0 Andan\u00ed, celebrem l\u2019aut\u00e8ntic, el sostenible i el proper. Som en Miquel i en Pau, i des del nostre rac\u00f3 al m\u00f3n rural, ens dediquem a cuidar la terra, elaborar productes artesanals i compartir-los amb tu. Tot comen\u00e7a al nostre hort, on cultivem fruites i [&hellip;]<\/p>\n","protected":false},"author":1,"featured_media":0,"parent":0,"menu_order":0,"comment_status":"closed","ping_status":"closed","template":"elementor_header_footer","meta":{"footnotes":""},"class_list":["post-4127","page","type-page","status-publish","hentry"],"yoast_head":"<!-- This site is optimized with the Yoast SEO plugin v27.3 - https:\/\/yoast.com\/product\/yoast-seo-wordpress\/ -->\n<title>Inici - Km0<\/title>\n<meta name=\"robots\" content=\"index, follow, max-snippet:-1, max-image-preview:large, max-video-preview:-1\" \/>\n<link rel=\"canonical\" href=\"https:\/\/km0andanifruits.com\/ca\/\" \/>\n<meta property=\"og:locale\" content=\"ca_ES\" \/>\n<meta property=\"og:type\" content=\"article\" \/>\n<meta property=\"og:title\" content=\"Inici - Km0\" \/>\n<meta property=\"og:description\" content=\"Botiga amb hort propi i productes de proximitat A Km 0 Andan\u00ed, celebrem l\u2019aut\u00e8ntic, el sostenible i el proper. Som en Miquel i en Pau, i des del nostre rac\u00f3 al m\u00f3n rural, ens dediquem a cuidar la terra, elaborar productes artesanals i compartir-los amb tu. Tot comen\u00e7a al nostre hort, on cultivem fruites i [&hellip;]\" \/>\n<meta property=\"og:url\" content=\"https:\/\/km0andanifruits.com\/ca\/\" \/>\n<meta property=\"og:site_name\" content=\"Km0\" \/>\n<meta property=\"article:modified_time\" content=\"2026-01-07T12:52:59+00:00\" \/>\n<meta property=\"og:image\" content=\"https:\/\/km0andanifruits.com\/wp-content\/uploads\/2025\/04\/logo-km0-white.png\" \/>\n\t<meta property=\"og:image:width\" content=\"500\" \/>\n\t<meta property=\"og:image:height\" content=\"500\" \/>\n\t<meta property=\"og:image:type\" content=\"image\/png\" \/>\n<meta name=\"twitter:card\" content=\"summary_large_image\" \/>\n<meta name=\"twitter:label1\" content=\"Temps estimat de lectura\" \/>\n\t<meta name=\"twitter:data1\" content=\"2 minuts\" \/>\n<script type=\"application\/ld+json\" class=\"yoast-schema-graph\">{\"@context\":\"https:\\\/\\\/schema.org\",\"@graph\":[{\"@type\":\"WebPage\",\"@id\":\"https:\\\/\\\/km0andanifruits.com\\\/ca\\\/\",\"url\":\"https:\\\/\\\/km0andanifruits.com\\\/ca\\\/\",\"name\":\"Inici - Km0\",\"isPartOf\":{\"@id\":\"https:\\\/\\\/km0andanifruits.com\\\/#website\"},\"primaryImageOfPage\":{\"@id\":\"https:\\\/\\\/km0andanifruits.com\\\/ca\\\/#primaryimage\"},\"image\":{\"@id\":\"https:\\\/\\\/km0andanifruits.com\\\/ca\\\/#primaryimage\"},\"thumbnailUrl\":\"https:\\\/\\\/km0andanifruits.com\\\/wp-content\\\/uploads\\\/2025\\\/04\\\/logo-km0-white.png\",\"datePublished\":\"2026-01-07T10:59:56+00:00\",\"dateModified\":\"2026-01-07T12:52:59+00:00\",\"breadcrumb\":{\"@id\":\"https:\\\/\\\/km0andanifruits.com\\\/ca\\\/#breadcrumb\"},\"inLanguage\":\"ca\",\"potentialAction\":[{\"@type\":\"ReadAction\",\"target\":[\"https:\\\/\\\/km0andanifruits.com\\\/ca\\\/\"]}]},{\"@type\":\"ImageObject\",\"inLanguage\":\"ca\",\"@id\":\"https:\\\/\\\/km0andanifruits.com\\\/ca\\\/#primaryimage\",\"url\":\"https:\\\/\\\/km0andanifruits.com\\\/wp-content\\\/uploads\\\/2025\\\/04\\\/logo-km0-white.png\",\"contentUrl\":\"https:\\\/\\\/km0andanifruits.com\\\/wp-content\\\/uploads\\\/2025\\\/04\\\/logo-km0-white.png\"},{\"@type\":\"BreadcrumbList\",\"@id\":\"https:\\\/\\\/km0andanifruits.com\\\/ca\\\/#breadcrumb\",\"itemListElement\":[{\"@type\":\"ListItem\",\"position\":1,\"name\":\"Portada\",\"item\":\"https:\\\/\\\/km0andanifruits.com\\\/ca\\\/\"},{\"@type\":\"ListItem\",\"position\":2,\"name\":\"Inici\"}]},{\"@type\":\"WebSite\",\"@id\":\"https:\\\/\\\/km0andanifruits.com\\\/#website\",\"url\":\"https:\\\/\\\/km0andanifruits.com\\\/\",\"name\":\"Km0\",\"description\":\"\",\"publisher\":{\"@id\":\"https:\\\/\\\/km0andanifruits.com\\\/#organization\"},\"potentialAction\":[{\"@type\":\"SearchAction\",\"target\":{\"@type\":\"EntryPoint\",\"urlTemplate\":\"https:\\\/\\\/km0andanifruits.com\\\/?s={search_term_string}\"},\"query-input\":{\"@type\":\"PropertyValueSpecification\",\"valueRequired\":true,\"valueName\":\"search_term_string\"}}],\"inLanguage\":\"ca\"},{\"@type\":\"Organization\",\"@id\":\"https:\\\/\\\/km0andanifruits.com\\\/#organization\",\"name\":\"Km0\",\"url\":\"https:\\\/\\\/km0andanifruits.com\\\/\",\"logo\":{\"@type\":\"ImageObject\",\"inLanguage\":\"ca\",\"@id\":\"https:\\\/\\\/km0andanifruits.com\\\/#\\\/schema\\\/logo\\\/image\\\/\",\"url\":\"https:\\\/\\\/km0andanifruits.com\\\/wp-content\\\/uploads\\\/2024\\\/07\\\/cropped-logo-km-0.png\",\"contentUrl\":\"https:\\\/\\\/km0andanifruits.com\\\/wp-content\\\/uploads\\\/2024\\\/07\\\/cropped-logo-km-0.png\",\"width\":400,\"height\":400,\"caption\":\"Km0\"},\"image\":{\"@id\":\"https:\\\/\\\/km0andanifruits.com\\\/#\\\/schema\\\/logo\\\/image\\\/\"}}]}<\/script>\n<!-- \/ Yoast SEO plugin. -->","yoast_head_json":{"title":"Inici - Km0","robots":{"index":"index","follow":"follow","max-snippet":"max-snippet:-1","max-image-preview":"max-image-preview:large","max-video-preview":"max-video-preview:-1"},"canonical":"https:\/\/km0andanifruits.com\/ca\/","og_locale":"ca_ES","og_type":"article","og_title":"Inici - Km0","og_description":"Botiga amb hort propi i productes de proximitat A Km 0 Andan\u00ed, celebrem l\u2019aut\u00e8ntic, el sostenible i el proper. Som en Miquel i en Pau, i des del nostre rac\u00f3 al m\u00f3n rural, ens dediquem a cuidar la terra, elaborar productes artesanals i compartir-los amb tu. Tot comen\u00e7a al nostre hort, on cultivem fruites i [&hellip;]","og_url":"https:\/\/km0andanifruits.com\/ca\/","og_site_name":"Km0","article_modified_time":"2026-01-07T12:52:59+00:00","og_image":[{"width":500,"height":500,"url":"https:\/\/km0andanifruits.com\/wp-content\/uploads\/2025\/04\/logo-km0-white.png","type":"image\/png"}],"twitter_card":"summary_large_image","twitter_misc":{"Temps estimat de lectura":"2 minuts"},"schema":{"@context":"https:\/\/schema.org","@graph":[{"@type":"WebPage","@id":"https:\/\/km0andanifruits.com\/ca\/","url":"https:\/\/km0andanifruits.com\/ca\/","name":"Inici - Km0","isPartOf":{"@id":"https:\/\/km0andanifruits.com\/#website"},"primaryImageOfPage":{"@id":"https:\/\/km0andanifruits.com\/ca\/#primaryimage"},"image":{"@id":"https:\/\/km0andanifruits.com\/ca\/#primaryimage"},"thumbnailUrl":"https:\/\/km0andanifruits.com\/wp-content\/uploads\/2025\/04\/logo-km0-white.png","datePublished":"2026-01-07T10:59:56+00:00","dateModified":"2026-01-07T12:52:59+00:00","breadcrumb":{"@id":"https:\/\/km0andanifruits.com\/ca\/#breadcrumb"},"inLanguage":"ca","potentialAction":[{"@type":"ReadAction","target":["https:\/\/km0andanifruits.com\/ca\/"]}]},{"@type":"ImageObject","inLanguage":"ca","@id":"https:\/\/km0andanifruits.com\/ca\/#primaryimage","url":"https:\/\/km0andanifruits.com\/wp-content\/uploads\/2025\/04\/logo-km0-white.png","contentUrl":"https:\/\/km0andanifruits.com\/wp-content\/uploads\/2025\/04\/logo-km0-white.png"},{"@type":"BreadcrumbList","@id":"https:\/\/km0andanifruits.com\/ca\/#breadcrumb","itemListElement":[{"@type":"ListItem","position":1,"name":"Portada","item":"https:\/\/km0andanifruits.com\/ca\/"},{"@type":"ListItem","position":2,"name":"Inici"}]},{"@type":"WebSite","@id":"https:\/\/km0andanifruits.com\/#website","url":"https:\/\/km0andanifruits.com\/","name":"Km0","description":"","publisher":{"@id":"https:\/\/km0andanifruits.com\/#organization"},"potentialAction":[{"@type":"SearchAction","target":{"@type":"EntryPoint","urlTemplate":"https:\/\/km0andanifruits.com\/?s={search_term_string}"},"query-input":{"@type":"PropertyValueSpecification","valueRequired":true,"valueName":"search_term_string"}}],"inLanguage":"ca"},{"@type":"Organization","@id":"https:\/\/km0andanifruits.com\/#organization","name":"Km0","url":"https:\/\/km0andanifruits.com\/","logo":{"@type":"ImageObject","inLanguage":"ca","@id":"https:\/\/km0andanifruits.com\/#\/schema\/logo\/image\/","url":"https:\/\/km0andanifruits.com\/wp-content\/uploads\/2024\/07\/cropped-logo-km-0.png","contentUrl":"https:\/\/km0andanifruits.com\/wp-content\/uploads\/2024\/07\/cropped-logo-km-0.png","width":400,"height":400,"caption":"Km0"},"image":{"@id":"https:\/\/km0andanifruits.com\/#\/schema\/logo\/image\/"}}]}},"_links":{"self":[{"href":"https:\/\/km0andanifruits.com\/ca\/wp-json\/wp\/v2\/pages\/4127","targetHints":{"allow":["GET"]}}],"collection":[{"href":"https:\/\/km0andanifruits.com\/ca\/wp-json\/wp\/v2\/pages"}],"about":[{"href":"https:\/\/km0andanifruits.com\/ca\/wp-json\/wp\/v2\/types\/page"}],"author":[{"embeddable":true,"href":"https:\/\/km0andanifruits.com\/ca\/wp-json\/wp\/v2\/users\/1"}],"replies":[{"embeddable":true,"href":"https:\/\/km0andanifruits.com\/ca\/wp-json\/wp\/v2\/comments?post=4127"}],"version-history":[{"count":16,"href":"https:\/\/km0andanifruits.com\/ca\/wp-json\/wp\/v2\/pages\/4127\/revisions"}],"predecessor-version":[{"id":4321,"href":"https:\/\/km0andanifruits.com\/ca\/wp-json\/wp\/v2\/pages\/4127\/revisions\/4321"}],"wp:attachment":[{"href":"https:\/\/km0andanifruits.com\/ca\/wp-json\/wp\/v2\/media?parent=4127"}],"curies":[{"name":"wp","href":"https:\/\/api.w.org\/{rel}","templated":true}]}}