{"id":4132,"date":"2026-01-07T10:08:02","date_gmt":"2026-01-07T10:08:02","guid":{"rendered":"https:\/\/km0andanifruits.com\/?page_id=4132"},"modified":"2026-01-07T10:16:48","modified_gmt":"2026-01-07T10:16:48","slug":"sobre-nosaltres","status":"publish","type":"page","link":"https:\/\/km0andanifruits.com\/ca\/sobre-nosaltres\/","title":{"rendered":"Sobre nosaltres"},"content":{"rendered":"\t\t<div data-elementor-type=\"wp-page\" data-elementor-id=\"4132\" class=\"elementor elementor-4132 elementor-4034\" data-elementor-post-type=\"page\">\n\t\t\t\t<div class=\"elementor-element elementor-element-4083ced7 e-con-full e-flex elementor-invisible e-con e-parent\" data-id=\"4083ced7\" data-element_type=\"container\" data-e-type=\"container\" data-settings=\"{&quot;background_background&quot;:&quot;classic&quot;,&quot;animation&quot;:&quot;fadeInDown&quot;,&quot;shape_divider_bottom&quot;:&quot;wave-brush&quot;}\">\n\t\t\t\t<div class=\"elementor-shape elementor-shape-bottom\" aria-hidden=\"true\" data-negative=\"false\">\n\t\t\t<svg xmlns=\"http:\/\/www.w3.org\/2000\/svg\" viewBox=\"0 0 283.5 27.8\" preserveAspectRatio=\"none\">\n\t<path class=\"elementor-shape-fill\" d=\"M283.5,9.7c0,0-7.3,4.3-14,4.6c-6.8,0.3-12.6,0-20.9-1.5c-11.3-2-33.1-10.1-44.7-5.7\ts-12.1,4.6-18,7.4c-6.6,3.2-20,9.6-36.6,9.3C131.6,23.5,99.5,7.2,86.3,8c-1.4,0.1-6.6,0.8-10.5,2c-3.8,1.2-9.4,3.8-17,4.7\tc-3.2,0.4-8.3,1.1-14.2,0.9c-1.5-0.1-6.3-0.4-12-1.6c-5.7-1.2-11-3.1-15.8-3.7C6.5,9.2,0,10.8,0,10.8V0h283.5V9.7z M260.8,11.3\tc-0.7-1-2-0.4-4.3-0.4c-2.3,0-6.1-1.2-5.8-1.1c0.3,0.1,3.1,1.5,6,1.9C259.7,12.2,261.4,12.3,260.8,11.3z M242.4,8.6\tc0,0-2.4-0.2-5.6-0.9c-3.2-0.8-10.3-2.8-15.1-3.5c-8.2-1.1-15.8,0-15.1,0.1c0.8,0.1,9.6-0.6,17.6,1.1c3.3,0.7,9.3,2.2,12.4,2.7\tC239.9,8.7,242.4,8.6,242.4,8.6z M185.2,8.5c1.7-0.7-13.3,4.7-18.5,6.1c-2.1,0.6-6.2,1.6-10,2c-3.9,0.4-8.9,0.4-8.8,0.5\tc0,0.2,5.8,0.8,11.2,0c5.4-0.8,5.2-1.1,7.6-1.6C170.5,14.7,183.5,9.2,185.2,8.5z M199.1,6.9c0.2,0-0.8-0.4-4.8,1.1\tc-4,1.5-6.7,3.5-6.9,3.7c-0.2,0.1,3.5-1.8,6.6-3C197,7.5,199,6.9,199.1,6.9z M283,6c-0.1,0.1-1.9,1.1-4.8,2.5s-6.9,2.8-6.7,2.7\tc0.2,0,3.5-0.6,7.4-2.5C282.8,6.8,283.1,5.9,283,6z M31.3,11.6c0.1-0.2-1.9-0.2-4.5-1.2s-5.4-1.6-7.8-2C15,7.6,7.3,8.5,7.7,8.6\tC8,8.7,15.9,8.3,20.2,9.3c2.2,0.5,2.4,0.5,5.7,1.6S31.2,11.9,31.3,11.6z M73,9.2c0.4-0.1,3.5-1.6,8.4-2.6c4.9-1.1,8.9-0.5,8.9-0.8\tc0-0.3-1-0.9-6.2-0.3S72.6,9.3,73,9.2z M71.6,6.7C71.8,6.8,75,5.4,77.3,5c2.3-0.3,1.9-0.5,1.9-0.6c0-0.1-1.1-0.2-2.7,0.2\tC74.8,5.1,71.4,6.6,71.6,6.7z M93.6,4.4c0.1,0.2,3.5,0.8,5.6,1.8c2.1,1,1.8,0.6,1.9,0.5c0.1-0.1-0.8-0.8-2.4-1.3\tC97.1,4.8,93.5,4.2,93.6,4.4z M65.4,11.1c-0.1,0.3,0.3,0.5,1.9-0.2s2.6-1.3,2.2-1.2s-0.9,0.4-2.5,0.8C65.3,10.9,65.5,10.8,65.4,11.1\tz M34.5,12.4c-0.2,0,2.1,0.8,3.3,0.9c1.2,0.1,2,0.1,2-0.2c0-0.3-0.1-0.5-1.6-0.4C36.6,12.8,34.7,12.4,34.5,12.4z M152.2,21.1\tc-0.1,0.1-2.4-0.3-7.5-0.3c-5,0-13.6-2.4-17.2-3.5c-3.6-1.1,10,3.9,16.5,4.1C150.5,21.6,152.3,21,152.2,21.1z\"\/>\n\t<path class=\"elementor-shape-fill\" d=\"M269.6,18c-0.1-0.1-4.6,0.3-7.2,0c-7.3-0.7-17-3.2-16.6-2.9c0.4,0.3,13.7,3.1,17,3.3\tC267.7,18.8,269.7,18,269.6,18z\"\/>\n\t<path class=\"elementor-shape-fill\" d=\"M227.4,9.8c-0.2-0.1-4.5-1-9.5-1.2c-5-0.2-12.7,0.6-12.3,0.5c0.3-0.1,5.9-1.8,13.3-1.2\tS227.6,9.9,227.4,9.8z\"\/>\n\t<path class=\"elementor-shape-fill\" d=\"M204.5,13.4c-0.1-0.1,2-1,3.2-1.1c1.2-0.1,2,0,2,0.3c0,0.3-0.1,0.5-1.6,0.4\tC206.4,12.9,204.6,13.5,204.5,13.4z\"\/>\n\t<path class=\"elementor-shape-fill\" d=\"M201,10.6c0-0.1-4.4,1.2-6.3,2.2c-1.9,0.9-6.2,3.1-6.1,3.1c0.1,0.1,4.2-1.6,6.3-2.6\tS201,10.7,201,10.6z\"\/>\n\t<path class=\"elementor-shape-fill\" d=\"M154.5,26.7c-0.1-0.1-4.6,0.3-7.2,0c-7.3-0.7-17-3.2-16.6-2.9c0.4,0.3,13.7,3.1,17,3.3\tC152.6,27.5,154.6,26.8,154.5,26.7z\"\/>\n\t<path class=\"elementor-shape-fill\" d=\"M41.9,19.3c0,0,1.2-0.3,2.9-0.1c1.7,0.2,5.8,0.9,8.2,0.7c4.2-0.4,7.4-2.7,7-2.6\tc-0.4,0-4.3,2.2-8.6,1.9c-1.8-0.1-5.1-0.5-6.7-0.4S41.9,19.3,41.9,19.3z\"\/>\n\t<path class=\"elementor-shape-fill\" d=\"M75.5,12.6c0.2,0.1,2-0.8,4.3-1.1c2.3-0.2,2.1-0.3,2.1-0.5c0-0.1-1.8-0.4-3.4,0\tC76.9,11.5,75.3,12.5,75.5,12.6z\"\/>\n\t<path class=\"elementor-shape-fill\" d=\"M15.6,13.2c0-0.1,4.3,0,6.7,0.5c2.4,0.5,5,1.9,5,2c0,0.1-2.7-0.8-5.1-1.4\tC19.9,13.7,15.7,13.3,15.6,13.2z\"\/>\n<\/svg>\t\t<\/div>\n\t\t<div class=\"elementor-element elementor-element-b804d4e e-con-full e-flex e-con e-child\" data-id=\"b804d4e\" data-element_type=\"container\" data-e-type=\"container\" data-settings=\"{&quot;background_background&quot;:&quot;classic&quot;,&quot;position&quot;:&quot;absolute&quot;}\">\n\t\t\t\t<div class=\"elementor-element elementor-element-2eeef774 elementor-widget__width-inherit elementor-widget elementor-widget-heading\" data-id=\"2eeef774\" data-element_type=\"widget\" data-e-type=\"widget\" data-widget_type=\"heading.default\">\n\t\t\t\t<div class=\"elementor-widget-container\">\n\t\t\t\t\t<h1 class=\"elementor-heading-title elementor-size-default\">Qui som<\/h1>\t\t\t\t<\/div>\n\t\t\t\t<\/div>\n\t\t\t\t<\/div>\n\t\t\t\t<\/div>\n\t\t<div class=\"elementor-element elementor-element-62c17229 e-con-full e-grid e-con e-parent\" data-id=\"62c17229\" data-element_type=\"container\" data-e-type=\"container\">\n\t\t<div class=\"elementor-element elementor-element-7e1bb807 e-con-full e-flex e-con e-child\" data-id=\"7e1bb807\" data-element_type=\"container\" data-e-type=\"container\">\n\t\t\t\t<div class=\"elementor-element elementor-element-2c6f44cb elementor-widget elementor-widget-image\" data-id=\"2c6f44cb\" data-element_type=\"widget\" data-e-type=\"widget\" data-widget_type=\"image.default\">\n\t\t\t\t<div class=\"elementor-widget-container\">\n\t\t\t\t\t\t\t\t\t\t\t\t\t\t\t<img fetchpriority=\"high\" decoding=\"async\" width=\"750\" height=\"750\" src=\"https:\/\/km0andanifruits.com\/wp-content\/uploads\/2026\/01\/nosotros-circulo-derecho_1.png\" class=\"attachment-large size-large wp-image-4059\" alt=\"\" srcset=\"https:\/\/km0andanifruits.com\/wp-content\/uploads\/2026\/01\/nosotros-circulo-derecho_1.png 750w, https:\/\/km0andanifruits.com\/wp-content\/uploads\/2026\/01\/nosotros-circulo-derecho_1-300x300.png 300w, https:\/\/km0andanifruits.com\/wp-content\/uploads\/2026\/01\/nosotros-circulo-derecho_1-150x150.png 150w, https:\/\/km0andanifruits.com\/wp-content\/uploads\/2026\/01\/nosotros-circulo-derecho_1-600x600.png 600w, https:\/\/km0andanifruits.com\/wp-content\/uploads\/2026\/01\/nosotros-circulo-derecho_1-100x100.png 100w\" sizes=\"(max-width: 750px) 100vw, 750px\" \/>\t\t\t\t\t\t\t\t\t\t\t\t\t\t\t<\/div>\n\t\t\t\t<\/div>\n\t\t\t\t<\/div>\n\t\t<div class=\"elementor-element elementor-element-3f12c192 e-con-full e-flex e-con e-child\" data-id=\"3f12c192\" data-element_type=\"container\" data-e-type=\"container\">\n\t\t\t\t<div class=\"elementor-element elementor-element-17e23b93 elementor-invisible elementor-widget elementor-widget-heading\" data-id=\"17e23b93\" data-element_type=\"widget\" data-e-type=\"widget\" data-settings=\"{&quot;_animation&quot;:&quot;fadeInRight&quot;}\" data-widget_type=\"heading.default\">\n\t\t\t\t<div class=\"elementor-widget-container\">\n\t\t\t\t\t<h1 class=\"elementor-heading-title elementor-size-default\">Miquel i Pau, el projecte, la idea.<\/h1>\t\t\t\t<\/div>\n\t\t\t\t<\/div>\n\t\t\t\t<div class=\"elementor-element elementor-element-2babaa71 elementor-widget elementor-widget-text-editor\" data-id=\"2babaa71\" data-element_type=\"widget\" data-e-type=\"widget\" data-widget_type=\"text-editor.default\">\n\t\t\t\t<div class=\"elementor-widget-container\">\n\t\t\t\t\t\t\t\t\t<p>Darrere de <strong>Km 0\u00a0Andani<\/strong>, estem <strong>Miquel\u00a0Aige\u00a0i Pau\u00a0Torrelles<\/strong>, dos <strong>apassionats de la naturalesa, l&#8217;escalada i, sobretot, de compartir una bona taula<\/strong>.<\/p>\t\t\t\t\t\t\t\t<\/div>\n\t\t\t\t<\/div>\n\t\t\t\t<div class=\"elementor-element elementor-element-1b40d813 elementor-widget elementor-widget-text-editor\" data-id=\"1b40d813\" data-element_type=\"widget\" data-e-type=\"widget\" data-widget_type=\"text-editor.default\">\n\t\t\t\t<div class=\"elementor-widget-container\">\n\t\t\t\t\t\t\t\t\t<p>El nostre projecte va n\u00e9ixer el 2019 amb un <strong>prop\u00f2sit clar: connectar les persones amb els sabors aut\u00e8ntics de la terra<\/strong>, respectant els seus ritmes i cuidant d&#8217;ella.<\/p>\t\t\t\t\t\t\t\t<\/div>\n\t\t\t\t<\/div>\n\t\t\t\t<div class=\"elementor-element elementor-element-4466378f elementor-widget elementor-widget-text-editor\" data-id=\"4466378f\" data-element_type=\"widget\" data-e-type=\"widget\" data-widget_type=\"text-editor.default\">\n\t\t\t\t<div class=\"elementor-widget-container\">\n\t\t\t\t\t\t\t\t\t<p><strong>Miquel, pioner en la producci\u00f3 d&#8217;hortalisses ecol\u00f2giques a la prov\u00edncia de Lleida<\/strong> ja fa m\u00e9s de 20 anys, va ser un dels primers agricultors a apostar per m\u00e8todes sostenibles a la nostra regi\u00f3. La seva traject\u00f2ria inclou tamb\u00e9 la creaci\u00f3 d&#8217;un negoci de conserves artesanals, on ja va demostrar que \u00e9s possible combinar tradici\u00f3, qualitat i respecte pel medi ambient i generar negocis en el m\u00f3n rural.<\/p>\t\t\t\t\t\t\t\t<\/div>\n\t\t\t\t<\/div>\n\t\t\t\t<div class=\"elementor-element elementor-element-50b23f3c elementor-widget elementor-widget-text-editor\" data-id=\"50b23f3c\" data-element_type=\"widget\" data-e-type=\"widget\" data-widget_type=\"text-editor.default\">\n\t\t\t\t<div class=\"elementor-widget-container\">\n\t\t\t\t\t\t\t\t\t<p><strong>Pau, amb una s\u00f2lida formaci\u00f3 com a cuiner, ha treballat en alguns dels restaurants m\u00e9s prestigiosos del m\u00f3n, com DiverXO, El Celler de Can Roca, Zaranda i El Ticolet<\/strong>. Aquesta experi\u00e8ncia li ha perm\u00e8s aportar una visi\u00f3 personal al projecte, desenvolupant l\u00ednies de productes transformats com les verdures fermentades, el\u00a0kimchi\u00a0o la\u00a0kombucha, que combinen innovaci\u00f3 i tradici\u00f3.<\/p>\t\t\t\t\t\t\t\t<\/div>\n\t\t\t\t<\/div>\n\t\t\t\t<\/div>\n\t\t\t\t<\/div>\n\t\t<div class=\"elementor-element elementor-element-4968360f e-con-full e-flex e-con e-parent\" data-id=\"4968360f\" data-element_type=\"container\" data-e-type=\"container\" data-settings=\"{&quot;background_background&quot;:&quot;classic&quot;}\">\n\t\t<div class=\"elementor-element elementor-element-7cffce42 e-flex e-con-boxed e-con e-child\" data-id=\"7cffce42\" data-element_type=\"container\" data-e-type=\"container\">\n\t\t\t\t\t<div class=\"e-con-inner\">\n\t\t<div class=\"elementor-element elementor-element-54cfbf4e e-con-full e-flex e-con e-child\" data-id=\"54cfbf4e\" data-element_type=\"container\" data-e-type=\"container\">\n\t\t\t\t<div class=\"elementor-element elementor-element-54f5e2f elementor-invisible elementor-widget elementor-widget-heading\" data-id=\"54f5e2f\" data-element_type=\"widget\" data-e-type=\"widget\" data-settings=\"{&quot;_animation&quot;:&quot;fadeInRight&quot;}\" data-widget_type=\"heading.default\">\n\t\t\t\t<div class=\"elementor-widget-container\">\n\t\t\t\t\t<h1 class=\"elementor-heading-title elementor-size-default\">La idea.<\/h1>\t\t\t\t<\/div>\n\t\t\t\t<\/div>\n\t\t\t\t<div class=\"elementor-element elementor-element-4ba1973a elementor-widget elementor-widget-text-editor\" data-id=\"4ba1973a\" data-element_type=\"widget\" data-e-type=\"widget\" data-widget_type=\"text-editor.default\">\n\t\t\t\t<div class=\"elementor-widget-container\">\n\t\t\t\t\t\t\t\t\t<p>Tots dos compartim una <strong>filosofia inspirada en el moviment\u00a0Slow\u00a0Food<\/strong>: creiem en els <strong>productes de proximitat, en la conservaci\u00f3 de la naturalesa i en m\u00e8todes de producci\u00f3 sostenibles<\/strong>. \u00c9s per aix\u00f2 que <strong>Km 0\u00a0Andani<\/strong>, no sols conreem i transformem productes; tamb\u00e9 <strong>donem recer a altres productors artesans de la zona, creant una xarxa que promou el comer\u00e7 local i les pr\u00e0ctiques sostenibles<\/strong>.<\/p><p>El nostre projecte \u00e9s un reflex de la nostra forma de vida: estimem l&#8217;escalada perqu\u00e8 ens ensenya a superar desafiaments, respectem la naturalesa perqu\u00e8 \u00e9s la nostra font d&#8217;inspiraci\u00f3, i gaudim d&#8217;una bona taula perqu\u00e8 creiem que el menjar \u00e9s una manera de connectar amb els altres.<\/p><p><strong>Benvinguts a Km 0\u00a0Andani, on cada producte conta una hist\u00f2ria de cura, passi\u00f3 i comprom\u00eds.<\/strong><\/p>\t\t\t\t\t\t\t\t<\/div>\n\t\t\t\t<\/div>\n\t\t\t\t<\/div>\n\t\t\t\t\t<\/div>\n\t\t\t\t<\/div>\n\t\t<div class=\"elementor-element elementor-element-14cb42b4 e-con-full e-flex e-con e-child\" data-id=\"14cb42b4\" data-element_type=\"container\" data-e-type=\"container\">\n\t\t<div class=\"elementor-element elementor-element-670a9a5f e-con-full e-flex e-con e-child\" data-id=\"670a9a5f\" data-element_type=\"container\" data-e-type=\"container\" data-settings=\"{&quot;background_background&quot;:&quot;classic&quot;}\">\n\t\t\t\t<\/div>\n\t\t\t\t<div class=\"elementor-element elementor-element-3d6a5202 elementor-widget__width-initial elementor-widget elementor-widget-image\" data-id=\"3d6a5202\" data-element_type=\"widget\" data-e-type=\"widget\" data-widget_type=\"image.default\">\n\t\t\t\t<div class=\"elementor-widget-container\">\n\t\t\t\t\t\t\t\t\t\t\t\t\t\t\t<img decoding=\"async\" width=\"800\" height=\"534\" src=\"https:\/\/km0andanifruits.com\/wp-content\/uploads\/2026\/01\/nosotros-circulo-izquierdo-1024x684.jpg\" class=\"attachment-large size-large wp-image-4063\" alt=\"\" srcset=\"https:\/\/km0andanifruits.com\/wp-content\/uploads\/2026\/01\/nosotros-circulo-izquierdo-1024x684.jpg 1024w, https:\/\/km0andanifruits.com\/wp-content\/uploads\/2026\/01\/nosotros-circulo-izquierdo-300x200.jpg 300w, https:\/\/km0andanifruits.com\/wp-content\/uploads\/2026\/01\/nosotros-circulo-izquierdo-768x513.jpg 768w, https:\/\/km0andanifruits.com\/wp-content\/uploads\/2026\/01\/nosotros-circulo-izquierdo-1536x1025.jpg 1536w, https:\/\/km0andanifruits.com\/wp-content\/uploads\/2026\/01\/nosotros-circulo-izquierdo-600x401.jpg 600w, https:\/\/km0andanifruits.com\/wp-content\/uploads\/2026\/01\/nosotros-circulo-izquierdo.jpg 2000w\" sizes=\"(max-width: 800px) 100vw, 800px\" \/>\t\t\t\t\t\t\t\t\t\t\t\t\t\t\t<\/div>\n\t\t\t\t<\/div>\n\t\t\t\t<div class=\"elementor-element elementor-element-6b50a2ea elementor-widget__width-initial elementor-widget elementor-widget-image\" data-id=\"6b50a2ea\" data-element_type=\"widget\" data-e-type=\"widget\" data-widget_type=\"image.default\">\n\t\t\t\t<div class=\"elementor-widget-container\">\n\t\t\t\t\t\t\t\t\t\t\t\t\t\t\t<img decoding=\"async\" width=\"800\" height=\"602\" src=\"https:\/\/km0andanifruits.com\/wp-content\/uploads\/2026\/01\/ensalada-1024x771.png\" class=\"attachment-large size-large wp-image-4065\" alt=\"\" srcset=\"https:\/\/km0andanifruits.com\/wp-content\/uploads\/2026\/01\/ensalada-1024x771.png 1024w, https:\/\/km0andanifruits.com\/wp-content\/uploads\/2026\/01\/ensalada-300x226.png 300w, https:\/\/km0andanifruits.com\/wp-content\/uploads\/2026\/01\/ensalada-768x578.png 768w, https:\/\/km0andanifruits.com\/wp-content\/uploads\/2026\/01\/ensalada-600x452.png 600w, https:\/\/km0andanifruits.com\/wp-content\/uploads\/2026\/01\/ensalada.png 1232w\" sizes=\"(max-width: 800px) 100vw, 800px\" \/>\t\t\t\t\t\t\t\t\t\t\t\t\t\t\t<\/div>\n\t\t\t\t<\/div>\n\t\t\t\t<\/div>\n\t\t\t\t<\/div>\n\t\t\t\t<\/div>\n\t\t","protected":false},"excerpt":{"rendered":"<p>Qui som Miquel i Pau, el projecte, la idea. Darrere de Km 0\u00a0Andani, estem Miquel\u00a0Aige\u00a0i Pau\u00a0Torrelles, dos apassionats de la naturalesa, l&#8217;escalada i, sobretot, de compartir una bona taula. El nostre projecte va n\u00e9ixer el 2019 amb un prop\u00f2sit clar: connectar les persones amb els sabors aut\u00e8ntics de la terra, respectant els seus ritmes i [&hellip;]<\/p>\n","protected":false},"author":1,"featured_media":0,"parent":0,"menu_order":0,"comment_status":"closed","ping_status":"closed","template":"elementor_header_footer","meta":{"footnotes":""},"class_list":["post-4132","page","type-page","status-publish","hentry"],"yoast_head":"<!-- This site is optimized with the Yoast SEO plugin v27.3 - https:\/\/yoast.com\/product\/yoast-seo-wordpress\/ -->\n<title>Sobre nosaltres - Km0<\/title>\n<meta name=\"robots\" content=\"index, follow, max-snippet:-1, max-image-preview:large, max-video-preview:-1\" \/>\n<link rel=\"canonical\" href=\"https:\/\/km0andanifruits.com\/ca\/sobre-nosaltres\/\" \/>\n<meta property=\"og:locale\" content=\"ca_ES\" \/>\n<meta property=\"og:type\" content=\"article\" \/>\n<meta property=\"og:title\" content=\"Sobre nosaltres - Km0\" \/>\n<meta property=\"og:description\" content=\"Qui som Miquel i Pau, el projecte, la idea. Darrere de Km 0\u00a0Andani, estem Miquel\u00a0Aige\u00a0i Pau\u00a0Torrelles, dos apassionats de la naturalesa, l&#8217;escalada i, sobretot, de compartir una bona taula. El nostre projecte va n\u00e9ixer el 2019 amb un prop\u00f2sit clar: connectar les persones amb els sabors aut\u00e8ntics de la terra, respectant els seus ritmes i [&hellip;]\" \/>\n<meta property=\"og:url\" content=\"https:\/\/km0andanifruits.com\/ca\/sobre-nosaltres\/\" \/>\n<meta property=\"og:site_name\" content=\"Km0\" \/>\n<meta property=\"article:modified_time\" content=\"2026-01-07T10:16:48+00:00\" \/>\n<meta property=\"og:image\" content=\"https:\/\/km0andanifruits.com\/wp-content\/uploads\/2026\/01\/nosotros-circulo-derecho_1.png\" \/>\n<meta name=\"twitter:card\" content=\"summary_large_image\" \/>\n<meta name=\"twitter:label1\" content=\"Temps estimat de lectura\" \/>\n\t<meta name=\"twitter:data1\" content=\"3 minuts\" \/>\n<script type=\"application\/ld+json\" class=\"yoast-schema-graph\">{\"@context\":\"https:\\\/\\\/schema.org\",\"@graph\":[{\"@type\":\"WebPage\",\"@id\":\"https:\\\/\\\/km0andanifruits.com\\\/ca\\\/sobre-nosaltres\\\/\",\"url\":\"https:\\\/\\\/km0andanifruits.com\\\/ca\\\/sobre-nosaltres\\\/\",\"name\":\"Sobre nosaltres - Km0\",\"isPartOf\":{\"@id\":\"https:\\\/\\\/km0andanifruits.com\\\/#website\"},\"primaryImageOfPage\":{\"@id\":\"https:\\\/\\\/km0andanifruits.com\\\/ca\\\/sobre-nosaltres\\\/#primaryimage\"},\"image\":{\"@id\":\"https:\\\/\\\/km0andanifruits.com\\\/ca\\\/sobre-nosaltres\\\/#primaryimage\"},\"thumbnailUrl\":\"https:\\\/\\\/km0andanifruits.com\\\/wp-content\\\/uploads\\\/2026\\\/01\\\/nosotros-circulo-derecho_1.png\",\"datePublished\":\"2026-01-07T10:08:02+00:00\",\"dateModified\":\"2026-01-07T10:16:48+00:00\",\"breadcrumb\":{\"@id\":\"https:\\\/\\\/km0andanifruits.com\\\/ca\\\/sobre-nosaltres\\\/#breadcrumb\"},\"inLanguage\":\"ca\",\"potentialAction\":[{\"@type\":\"ReadAction\",\"target\":[\"https:\\\/\\\/km0andanifruits.com\\\/ca\\\/sobre-nosaltres\\\/\"]}]},{\"@type\":\"ImageObject\",\"inLanguage\":\"ca\",\"@id\":\"https:\\\/\\\/km0andanifruits.com\\\/ca\\\/sobre-nosaltres\\\/#primaryimage\",\"url\":\"https:\\\/\\\/km0andanifruits.com\\\/wp-content\\\/uploads\\\/2026\\\/01\\\/nosotros-circulo-derecho_1.png\",\"contentUrl\":\"https:\\\/\\\/km0andanifruits.com\\\/wp-content\\\/uploads\\\/2026\\\/01\\\/nosotros-circulo-derecho_1.png\"},{\"@type\":\"BreadcrumbList\",\"@id\":\"https:\\\/\\\/km0andanifruits.com\\\/ca\\\/sobre-nosaltres\\\/#breadcrumb\",\"itemListElement\":[{\"@type\":\"ListItem\",\"position\":1,\"name\":\"Portada\",\"item\":\"https:\\\/\\\/km0andanifruits.com\\\/ca\\\/\"},{\"@type\":\"ListItem\",\"position\":2,\"name\":\"Sobre nosaltres\"}]},{\"@type\":\"WebSite\",\"@id\":\"https:\\\/\\\/km0andanifruits.com\\\/#website\",\"url\":\"https:\\\/\\\/km0andanifruits.com\\\/\",\"name\":\"Km0\",\"description\":\"\",\"publisher\":{\"@id\":\"https:\\\/\\\/km0andanifruits.com\\\/#organization\"},\"potentialAction\":[{\"@type\":\"SearchAction\",\"target\":{\"@type\":\"EntryPoint\",\"urlTemplate\":\"https:\\\/\\\/km0andanifruits.com\\\/?s={search_term_string}\"},\"query-input\":{\"@type\":\"PropertyValueSpecification\",\"valueRequired\":true,\"valueName\":\"search_term_string\"}}],\"inLanguage\":\"ca\"},{\"@type\":\"Organization\",\"@id\":\"https:\\\/\\\/km0andanifruits.com\\\/#organization\",\"name\":\"Km0\",\"url\":\"https:\\\/\\\/km0andanifruits.com\\\/\",\"logo\":{\"@type\":\"ImageObject\",\"inLanguage\":\"ca\",\"@id\":\"https:\\\/\\\/km0andanifruits.com\\\/#\\\/schema\\\/logo\\\/image\\\/\",\"url\":\"https:\\\/\\\/km0andanifruits.com\\\/wp-content\\\/uploads\\\/2024\\\/07\\\/cropped-logo-km-0.png\",\"contentUrl\":\"https:\\\/\\\/km0andanifruits.com\\\/wp-content\\\/uploads\\\/2024\\\/07\\\/cropped-logo-km-0.png\",\"width\":400,\"height\":400,\"caption\":\"Km0\"},\"image\":{\"@id\":\"https:\\\/\\\/km0andanifruits.com\\\/#\\\/schema\\\/logo\\\/image\\\/\"}}]}<\/script>\n<!-- \/ Yoast SEO plugin. -->","yoast_head_json":{"title":"Sobre nosaltres - Km0","robots":{"index":"index","follow":"follow","max-snippet":"max-snippet:-1","max-image-preview":"max-image-preview:large","max-video-preview":"max-video-preview:-1"},"canonical":"https:\/\/km0andanifruits.com\/ca\/sobre-nosaltres\/","og_locale":"ca_ES","og_type":"article","og_title":"Sobre nosaltres - Km0","og_description":"Qui som Miquel i Pau, el projecte, la idea. Darrere de Km 0\u00a0Andani, estem Miquel\u00a0Aige\u00a0i Pau\u00a0Torrelles, dos apassionats de la naturalesa, l&#8217;escalada i, sobretot, de compartir una bona taula. El nostre projecte va n\u00e9ixer el 2019 amb un prop\u00f2sit clar: connectar les persones amb els sabors aut\u00e8ntics de la terra, respectant els seus ritmes i [&hellip;]","og_url":"https:\/\/km0andanifruits.com\/ca\/sobre-nosaltres\/","og_site_name":"Km0","article_modified_time":"2026-01-07T10:16:48+00:00","og_image":[{"url":"https:\/\/km0andanifruits.com\/wp-content\/uploads\/2026\/01\/nosotros-circulo-derecho_1.png","type":"","width":"","height":""}],"twitter_card":"summary_large_image","twitter_misc":{"Temps estimat de lectura":"3 minuts"},"schema":{"@context":"https:\/\/schema.org","@graph":[{"@type":"WebPage","@id":"https:\/\/km0andanifruits.com\/ca\/sobre-nosaltres\/","url":"https:\/\/km0andanifruits.com\/ca\/sobre-nosaltres\/","name":"Sobre nosaltres - Km0","isPartOf":{"@id":"https:\/\/km0andanifruits.com\/#website"},"primaryImageOfPage":{"@id":"https:\/\/km0andanifruits.com\/ca\/sobre-nosaltres\/#primaryimage"},"image":{"@id":"https:\/\/km0andanifruits.com\/ca\/sobre-nosaltres\/#primaryimage"},"thumbnailUrl":"https:\/\/km0andanifruits.com\/wp-content\/uploads\/2026\/01\/nosotros-circulo-derecho_1.png","datePublished":"2026-01-07T10:08:02+00:00","dateModified":"2026-01-07T10:16:48+00:00","breadcrumb":{"@id":"https:\/\/km0andanifruits.com\/ca\/sobre-nosaltres\/#breadcrumb"},"inLanguage":"ca","potentialAction":[{"@type":"ReadAction","target":["https:\/\/km0andanifruits.com\/ca\/sobre-nosaltres\/"]}]},{"@type":"ImageObject","inLanguage":"ca","@id":"https:\/\/km0andanifruits.com\/ca\/sobre-nosaltres\/#primaryimage","url":"https:\/\/km0andanifruits.com\/wp-content\/uploads\/2026\/01\/nosotros-circulo-derecho_1.png","contentUrl":"https:\/\/km0andanifruits.com\/wp-content\/uploads\/2026\/01\/nosotros-circulo-derecho_1.png"},{"@type":"BreadcrumbList","@id":"https:\/\/km0andanifruits.com\/ca\/sobre-nosaltres\/#breadcrumb","itemListElement":[{"@type":"ListItem","position":1,"name":"Portada","item":"https:\/\/km0andanifruits.com\/ca\/"},{"@type":"ListItem","position":2,"name":"Sobre nosaltres"}]},{"@type":"WebSite","@id":"https:\/\/km0andanifruits.com\/#website","url":"https:\/\/km0andanifruits.com\/","name":"Km0","description":"","publisher":{"@id":"https:\/\/km0andanifruits.com\/#organization"},"potentialAction":[{"@type":"SearchAction","target":{"@type":"EntryPoint","urlTemplate":"https:\/\/km0andanifruits.com\/?s={search_term_string}"},"query-input":{"@type":"PropertyValueSpecification","valueRequired":true,"valueName":"search_term_string"}}],"inLanguage":"ca"},{"@type":"Organization","@id":"https:\/\/km0andanifruits.com\/#organization","name":"Km0","url":"https:\/\/km0andanifruits.com\/","logo":{"@type":"ImageObject","inLanguage":"ca","@id":"https:\/\/km0andanifruits.com\/#\/schema\/logo\/image\/","url":"https:\/\/km0andanifruits.com\/wp-content\/uploads\/2024\/07\/cropped-logo-km-0.png","contentUrl":"https:\/\/km0andanifruits.com\/wp-content\/uploads\/2024\/07\/cropped-logo-km-0.png","width":400,"height":400,"caption":"Km0"},"image":{"@id":"https:\/\/km0andanifruits.com\/#\/schema\/logo\/image\/"}}]}},"_links":{"self":[{"href":"https:\/\/km0andanifruits.com\/ca\/wp-json\/wp\/v2\/pages\/4132","targetHints":{"allow":["GET"]}}],"collection":[{"href":"https:\/\/km0andanifruits.com\/ca\/wp-json\/wp\/v2\/pages"}],"about":[{"href":"https:\/\/km0andanifruits.com\/ca\/wp-json\/wp\/v2\/types\/page"}],"author":[{"embeddable":true,"href":"https:\/\/km0andanifruits.com\/ca\/wp-json\/wp\/v2\/users\/1"}],"replies":[{"embeddable":true,"href":"https:\/\/km0andanifruits.com\/ca\/wp-json\/wp\/v2\/comments?post=4132"}],"version-history":[{"count":10,"href":"https:\/\/km0andanifruits.com\/ca\/wp-json\/wp\/v2\/pages\/4132\/revisions"}],"predecessor-version":[{"id":4226,"href":"https:\/\/km0andanifruits.com\/ca\/wp-json\/wp\/v2\/pages\/4132\/revisions\/4226"}],"wp:attachment":[{"href":"https:\/\/km0andanifruits.com\/ca\/wp-json\/wp\/v2\/media?parent=4132"}],"curies":[{"name":"wp","href":"https:\/\/api.w.org\/{rel}","templated":true}]}}