{"id":885,"date":"2025-04-24T08:01:55","date_gmt":"2025-04-24T08:01:55","guid":{"rendered":"https:\/\/km0andanifruits.com\/?post_type=product&#038;p=885"},"modified":"2026-04-07T10:27:55","modified_gmt":"2026-04-07T10:27:55","slug":"caixa-mitjana-daproximadament-10kg","status":"publish","type":"product","link":"https:\/\/km0andanifruits.com\/ca\/producto\/caixa-mitjana-daproximadament-10kg\/","title":{"rendered":"Caixa Mitjana, d&#8217;aproximadament 10kg"},"content":{"rendered":"","protected":false},"excerpt":{"rendered":"<p><span style=\"font-weight: 400;\">L&#8217;opci\u00f3 perfecta per a fam\u00edlies que aposten per l&#8217;alimentaci\u00f3 saludable i el producte local. Aquesta caixa de *10kg inclou una generosa selecci\u00f3 de fruites i verdures de temporada, totes elles procedents de cultius nacionals i proximitat seleccionats. Cada setmana rebr\u00e0s entre 10-12 varietats diferents al punt \u00f2ptim de maduraci\u00f3, garantint el m\u00e0xim sabor i frescor. Una manera deliciosa de fer costat als nostres agricultors locals.<\/span><\/p>\n","protected":false},"featured_media":1001,"template":"","meta":[],"product_brand":[],"product_cat":[21],"product_tag":[],"class_list":{"0":"post-885","1":"product","2":"type-product","3":"status-publish","4":"has-post-thumbnail","6":"product_cat-fruita","8":"first","9":"instock","10":"shipping-taxable","11":"purchasable","12":"product-type-simple"},"yoast_head":"<!-- This site is optimized with the Yoast SEO plugin v27.3 - https:\/\/yoast.com\/product\/yoast-seo-wordpress\/ -->\n<title>Caixa Mitjana, d&#039;aproximadament 10kg - Km0<\/title>\n<meta name=\"robots\" content=\"index, follow, max-snippet:-1, max-image-preview:large, max-video-preview:-1\" \/>\n<link rel=\"canonical\" href=\"https:\/\/km0andanifruits.com\/ca\/producto\/caixa-mitjana-daproximadament-10kg\/\" \/>\n<meta property=\"og:locale\" content=\"ca_ES\" \/>\n<meta property=\"og:type\" content=\"article\" \/>\n<meta property=\"og:title\" content=\"Caixa Mitjana, d&#039;aproximadament 10kg - Km0\" \/>\n<meta property=\"og:description\" content=\"L&#039;opci\u00f3 perfecta per a fam\u00edlies que aposten per l&#039;alimentaci\u00f3 saludable i el producte local. Aquesta caixa de *10kg inclou una generosa selecci\u00f3 de fruites i verdures de temporada, totes elles procedents de cultius nacionals i proximitat seleccionats. Cada setmana rebr\u00e0s entre 10-12 varietats diferents al punt \u00f2ptim de maduraci\u00f3, garantint el m\u00e0xim sabor i frescor. Una manera deliciosa de fer costat als nostres agricultors locals.\" \/>\n<meta property=\"og:url\" content=\"https:\/\/km0andanifruits.com\/ca\/producto\/caixa-mitjana-daproximadament-10kg\/\" \/>\n<meta property=\"og:site_name\" content=\"Km0\" \/>\n<meta property=\"article:modified_time\" content=\"2026-04-07T10:27:55+00:00\" \/>\n<meta property=\"og:image\" content=\"https:\/\/km0andanifruits.com\/wp-content\/uploads\/2025\/04\/cesta-10kg.jpg\" \/>\n\t<meta property=\"og:image:width\" content=\"500\" \/>\n\t<meta property=\"og:image:height\" content=\"500\" \/>\n\t<meta property=\"og:image:type\" content=\"image\/jpeg\" \/>\n<meta name=\"twitter:card\" content=\"summary_large_image\" \/>\n<meta name=\"twitter:label1\" content=\"Temps estimat de lectura\" \/>\n\t<meta name=\"twitter:data1\" content=\"1 minut\" \/>\n<script type=\"application\/ld+json\" class=\"yoast-schema-graph\">{\"@context\":\"https:\\\/\\\/schema.org\",\"@graph\":[{\"@type\":\"WebPage\",\"@id\":\"https:\\\/\\\/km0andanifruits.com\\\/ca\\\/producto\\\/caixa-mitjana-daproximadament-10kg\\\/\",\"url\":\"https:\\\/\\\/km0andanifruits.com\\\/ca\\\/producto\\\/caixa-mitjana-daproximadament-10kg\\\/\",\"name\":\"Caixa Mitjana, d'aproximadament 10kg - Km0\",\"isPartOf\":{\"@id\":\"https:\\\/\\\/km0andanifruits.com\\\/#website\"},\"primaryImageOfPage\":{\"@id\":\"https:\\\/\\\/km0andanifruits.com\\\/ca\\\/producto\\\/caixa-mitjana-daproximadament-10kg\\\/#primaryimage\"},\"image\":{\"@id\":\"https:\\\/\\\/km0andanifruits.com\\\/ca\\\/producto\\\/caixa-mitjana-daproximadament-10kg\\\/#primaryimage\"},\"thumbnailUrl\":\"https:\\\/\\\/km0andanifruits.com\\\/wp-content\\\/uploads\\\/2025\\\/04\\\/cesta-10kg.jpg\",\"datePublished\":\"2025-04-24T08:01:55+00:00\",\"dateModified\":\"2026-04-07T10:27:55+00:00\",\"breadcrumb\":{\"@id\":\"https:\\\/\\\/km0andanifruits.com\\\/ca\\\/producto\\\/caixa-mitjana-daproximadament-10kg\\\/#breadcrumb\"},\"inLanguage\":\"ca\",\"potentialAction\":[{\"@type\":\"ReadAction\",\"target\":[\"https:\\\/\\\/km0andanifruits.com\\\/ca\\\/producto\\\/caixa-mitjana-daproximadament-10kg\\\/\"]}]},{\"@type\":\"ImageObject\",\"inLanguage\":\"ca\",\"@id\":\"https:\\\/\\\/km0andanifruits.com\\\/ca\\\/producto\\\/caixa-mitjana-daproximadament-10kg\\\/#primaryimage\",\"url\":\"https:\\\/\\\/km0andanifruits.com\\\/wp-content\\\/uploads\\\/2025\\\/04\\\/cesta-10kg.jpg\",\"contentUrl\":\"https:\\\/\\\/km0andanifruits.com\\\/wp-content\\\/uploads\\\/2025\\\/04\\\/cesta-10kg.jpg\",\"width\":500,\"height\":500},{\"@type\":\"BreadcrumbList\",\"@id\":\"https:\\\/\\\/km0andanifruits.com\\\/ca\\\/producto\\\/caixa-mitjana-daproximadament-10kg\\\/#breadcrumb\",\"itemListElement\":[{\"@type\":\"ListItem\",\"position\":1,\"name\":\"Portada\",\"item\":\"https:\\\/\\\/km0andanifruits.com\\\/ca\\\/\"},{\"@type\":\"ListItem\",\"position\":2,\"name\":\"Productos\",\"item\":\"https:\\\/\\\/km0andanifruits.com\\\/shop\\\/\"},{\"@type\":\"ListItem\",\"position\":3,\"name\":\"Caixa Mitjana, d&#8217;aproximadament 10kg\"}]},{\"@type\":\"WebSite\",\"@id\":\"https:\\\/\\\/km0andanifruits.com\\\/#website\",\"url\":\"https:\\\/\\\/km0andanifruits.com\\\/\",\"name\":\"Km0\",\"description\":\"\",\"publisher\":{\"@id\":\"https:\\\/\\\/km0andanifruits.com\\\/#organization\"},\"potentialAction\":[{\"@type\":\"SearchAction\",\"target\":{\"@type\":\"EntryPoint\",\"urlTemplate\":\"https:\\\/\\\/km0andanifruits.com\\\/?s={search_term_string}\"},\"query-input\":{\"@type\":\"PropertyValueSpecification\",\"valueRequired\":true,\"valueName\":\"search_term_string\"}}],\"inLanguage\":\"ca\"},{\"@type\":\"Organization\",\"@id\":\"https:\\\/\\\/km0andanifruits.com\\\/#organization\",\"name\":\"Km0\",\"url\":\"https:\\\/\\\/km0andanifruits.com\\\/\",\"logo\":{\"@type\":\"ImageObject\",\"inLanguage\":\"ca\",\"@id\":\"https:\\\/\\\/km0andanifruits.com\\\/#\\\/schema\\\/logo\\\/image\\\/\",\"url\":\"https:\\\/\\\/km0andanifruits.com\\\/wp-content\\\/uploads\\\/2024\\\/07\\\/cropped-logo-km-0.png\",\"contentUrl\":\"https:\\\/\\\/km0andanifruits.com\\\/wp-content\\\/uploads\\\/2024\\\/07\\\/cropped-logo-km-0.png\",\"width\":400,\"height\":400,\"caption\":\"Km0\"},\"image\":{\"@id\":\"https:\\\/\\\/km0andanifruits.com\\\/#\\\/schema\\\/logo\\\/image\\\/\"}}]}<\/script>\n<!-- \/ Yoast SEO plugin. -->","yoast_head_json":{"title":"Caixa Mitjana, d'aproximadament 10kg - Km0","robots":{"index":"index","follow":"follow","max-snippet":"max-snippet:-1","max-image-preview":"max-image-preview:large","max-video-preview":"max-video-preview:-1"},"canonical":"https:\/\/km0andanifruits.com\/ca\/producto\/caixa-mitjana-daproximadament-10kg\/","og_locale":"ca_ES","og_type":"article","og_title":"Caixa Mitjana, d'aproximadament 10kg - Km0","og_description":"L'opci\u00f3 perfecta per a fam\u00edlies que aposten per l'alimentaci\u00f3 saludable i el producte local. Aquesta caixa de *10kg inclou una generosa selecci\u00f3 de fruites i verdures de temporada, totes elles procedents de cultius nacionals i proximitat seleccionats. Cada setmana rebr\u00e0s entre 10-12 varietats diferents al punt \u00f2ptim de maduraci\u00f3, garantint el m\u00e0xim sabor i frescor. Una manera deliciosa de fer costat als nostres agricultors locals.","og_url":"https:\/\/km0andanifruits.com\/ca\/producto\/caixa-mitjana-daproximadament-10kg\/","og_site_name":"Km0","article_modified_time":"2026-04-07T10:27:55+00:00","og_image":[{"width":500,"height":500,"url":"https:\/\/km0andanifruits.com\/wp-content\/uploads\/2025\/04\/cesta-10kg.jpg","type":"image\/jpeg"}],"twitter_card":"summary_large_image","twitter_misc":{"Temps estimat de lectura":"1 minut"},"schema":{"@context":"https:\/\/schema.org","@graph":[{"@type":"WebPage","@id":"https:\/\/km0andanifruits.com\/ca\/producto\/caixa-mitjana-daproximadament-10kg\/","url":"https:\/\/km0andanifruits.com\/ca\/producto\/caixa-mitjana-daproximadament-10kg\/","name":"Caixa Mitjana, d'aproximadament 10kg - Km0","isPartOf":{"@id":"https:\/\/km0andanifruits.com\/#website"},"primaryImageOfPage":{"@id":"https:\/\/km0andanifruits.com\/ca\/producto\/caixa-mitjana-daproximadament-10kg\/#primaryimage"},"image":{"@id":"https:\/\/km0andanifruits.com\/ca\/producto\/caixa-mitjana-daproximadament-10kg\/#primaryimage"},"thumbnailUrl":"https:\/\/km0andanifruits.com\/wp-content\/uploads\/2025\/04\/cesta-10kg.jpg","datePublished":"2025-04-24T08:01:55+00:00","dateModified":"2026-04-07T10:27:55+00:00","breadcrumb":{"@id":"https:\/\/km0andanifruits.com\/ca\/producto\/caixa-mitjana-daproximadament-10kg\/#breadcrumb"},"inLanguage":"ca","potentialAction":[{"@type":"ReadAction","target":["https:\/\/km0andanifruits.com\/ca\/producto\/caixa-mitjana-daproximadament-10kg\/"]}]},{"@type":"ImageObject","inLanguage":"ca","@id":"https:\/\/km0andanifruits.com\/ca\/producto\/caixa-mitjana-daproximadament-10kg\/#primaryimage","url":"https:\/\/km0andanifruits.com\/wp-content\/uploads\/2025\/04\/cesta-10kg.jpg","contentUrl":"https:\/\/km0andanifruits.com\/wp-content\/uploads\/2025\/04\/cesta-10kg.jpg","width":500,"height":500},{"@type":"BreadcrumbList","@id":"https:\/\/km0andanifruits.com\/ca\/producto\/caixa-mitjana-daproximadament-10kg\/#breadcrumb","itemListElement":[{"@type":"ListItem","position":1,"name":"Portada","item":"https:\/\/km0andanifruits.com\/ca\/"},{"@type":"ListItem","position":2,"name":"Productos","item":"https:\/\/km0andanifruits.com\/shop\/"},{"@type":"ListItem","position":3,"name":"Caixa Mitjana, d&#8217;aproximadament 10kg"}]},{"@type":"WebSite","@id":"https:\/\/km0andanifruits.com\/#website","url":"https:\/\/km0andanifruits.com\/","name":"Km0","description":"","publisher":{"@id":"https:\/\/km0andanifruits.com\/#organization"},"potentialAction":[{"@type":"SearchAction","target":{"@type":"EntryPoint","urlTemplate":"https:\/\/km0andanifruits.com\/?s={search_term_string}"},"query-input":{"@type":"PropertyValueSpecification","valueRequired":true,"valueName":"search_term_string"}}],"inLanguage":"ca"},{"@type":"Organization","@id":"https:\/\/km0andanifruits.com\/#organization","name":"Km0","url":"https:\/\/km0andanifruits.com\/","logo":{"@type":"ImageObject","inLanguage":"ca","@id":"https:\/\/km0andanifruits.com\/#\/schema\/logo\/image\/","url":"https:\/\/km0andanifruits.com\/wp-content\/uploads\/2024\/07\/cropped-logo-km-0.png","contentUrl":"https:\/\/km0andanifruits.com\/wp-content\/uploads\/2024\/07\/cropped-logo-km-0.png","width":400,"height":400,"caption":"Km0"},"image":{"@id":"https:\/\/km0andanifruits.com\/#\/schema\/logo\/image\/"}}]}},"_links":{"self":[{"href":"https:\/\/km0andanifruits.com\/ca\/wp-json\/wp\/v2\/product\/885","targetHints":{"allow":["GET"]}}],"collection":[{"href":"https:\/\/km0andanifruits.com\/ca\/wp-json\/wp\/v2\/product"}],"about":[{"href":"https:\/\/km0andanifruits.com\/ca\/wp-json\/wp\/v2\/types\/product"}],"wp:featuredmedia":[{"embeddable":true,"href":"https:\/\/km0andanifruits.com\/ca\/wp-json\/wp\/v2\/media\/1001"}],"wp:attachment":[{"href":"https:\/\/km0andanifruits.com\/ca\/wp-json\/wp\/v2\/media?parent=885"}],"wp:term":[{"taxonomy":"product_brand","embeddable":true,"href":"https:\/\/km0andanifruits.com\/ca\/wp-json\/wp\/v2\/product_brand?post=885"},{"taxonomy":"product_cat","embeddable":true,"href":"https:\/\/km0andanifruits.com\/ca\/wp-json\/wp\/v2\/product_cat?post=885"},{"taxonomy":"product_tag","embeddable":true,"href":"https:\/\/km0andanifruits.com\/ca\/wp-json\/wp\/v2\/product_tag?post=885"}],"curies":[{"name":"wp","href":"https:\/\/api.w.org\/{rel}","templated":true}]}}